{"id":4182,"date":"2020-01-26T20:21:52","date_gmt":"2020-01-26T19:21:52","guid":{"rendered":"https:\/\/proenduro.pl\/start\/"},"modified":"2020-01-26T20:21:52","modified_gmt":"2020-01-26T19:21:52","slug":"start","status":"publish","type":"page","link":"https:\/\/proenduro.pl\/de\/","title":{"rendered":"Start"},"content":{"rendered":"","protected":false},"excerpt":{"rendered":"","protected":false},"author":1,"featured_media":0,"parent":0,"menu_order":0,"comment_status":"closed","ping_status":"closed","template":"","meta":{"_acf_changed":false,"footnotes":""},"class_list":["post-4182","page","type-page","status-publish","hentry"],"acf":[],"yoast_head":"<!-- This site is optimized with the Yoast SEO plugin v27.3 - https:\/\/yoast.com\/product\/yoast-seo-wordpress\/ -->\n<title>Szkolenia Motocyklowe Enduro Najlepsza Szko\u0142a Motocyklowa Proenduro<\/title>\n<meta name=\"description\" content=\"Chcesz poprawi\u0107 swoje umiej\u0119tno\u015bci jazdy w terenie? Nie mog\u0142e\u015b lepiej trafi\u0107! Proenduro.pl to ku\u017ania umiej\u0119tno\u015bci dla posiadaczy ci\u0119\u017ckich motocykli.\" \/>\n<meta name=\"robots\" content=\"index, follow, max-snippet:-1, max-image-preview:large, max-video-preview:-1\" \/>\n<link rel=\"canonical\" href=\"https:\/\/proenduro.pl\/de\/\" \/>\n<meta property=\"og:locale\" content=\"de_DE\" \/>\n<meta property=\"og:type\" content=\"article\" \/>\n<meta property=\"og:title\" content=\"Szkolenia Motocyklowe Enduro Najlepsza Szko\u0142a Motocyklowa Proenduro\" \/>\n<meta property=\"og:description\" content=\"Chcesz poprawi\u0107 swoje umiej\u0119tno\u015bci jazdy w terenie? Nie mog\u0142e\u015b lepiej trafi\u0107! Proenduro.pl to ku\u017ania umiej\u0119tno\u015bci dla posiadaczy ci\u0119\u017ckich motocykli.\" \/>\n<meta property=\"og:url\" content=\"https:\/\/proenduro.pl\/de\/\" \/>\n<meta property=\"og:site_name\" content=\"PROENDURO\" \/>\n<meta name=\"twitter:card\" content=\"summary_large_image\" \/>\n<script type=\"application\/ld+json\" class=\"yoast-schema-graph\">{\"@context\":\"https:\\\/\\\/schema.org\",\"@graph\":[{\"@type\":\"WebPage\",\"@id\":\"https:\\\/\\\/proenduro.pl\\\/de\\\/\",\"url\":\"https:\\\/\\\/proenduro.pl\\\/de\\\/\",\"name\":\"Szkolenia Motocyklowe Enduro Najlepsza Szko\u0142a Motocyklowa Proenduro\",\"isPartOf\":{\"@id\":\"https:\\\/\\\/proenduro.pl\\\/de\\\/#website\"},\"datePublished\":\"2020-01-26T19:21:52+00:00\",\"description\":\"Chcesz poprawi\u0107 swoje umiej\u0119tno\u015bci jazdy w terenie? Nie mog\u0142e\u015b lepiej trafi\u0107! Proenduro.pl to ku\u017ania umiej\u0119tno\u015bci dla posiadaczy ci\u0119\u017ckich motocykli.\",\"breadcrumb\":{\"@id\":\"https:\\\/\\\/proenduro.pl\\\/de\\\/#breadcrumb\"},\"inLanguage\":\"de\",\"potentialAction\":[{\"@type\":\"ReadAction\",\"target\":[\"https:\\\/\\\/proenduro.pl\\\/de\\\/\"]}]},{\"@type\":\"BreadcrumbList\",\"@id\":\"https:\\\/\\\/proenduro.pl\\\/de\\\/#breadcrumb\",\"itemListElement\":[{\"@type\":\"ListItem\",\"position\":1,\"name\":\"Strona g\u0142\u00f3wna\",\"item\":\"https:\\\/\\\/proenduro.pl\\\/de\\\/\"},{\"@type\":\"ListItem\",\"position\":2,\"name\":\"Start\"}]},{\"@type\":\"WebSite\",\"@id\":\"https:\\\/\\\/proenduro.pl\\\/de\\\/#website\",\"url\":\"https:\\\/\\\/proenduro.pl\\\/de\\\/\",\"name\":\"PROENDURO\",\"description\":\"Szkolenie enduro | Szkolenie motocyklowe | Adventure\",\"publisher\":{\"@id\":\"https:\\\/\\\/proenduro.pl\\\/de\\\/#organization\"},\"potentialAction\":[{\"@type\":\"SearchAction\",\"target\":{\"@type\":\"EntryPoint\",\"urlTemplate\":\"https:\\\/\\\/proenduro.pl\\\/de\\\/?s={search_term_string}\"},\"query-input\":{\"@type\":\"PropertyValueSpecification\",\"valueRequired\":true,\"valueName\":\"search_term_string\"}}],\"inLanguage\":\"de\"},{\"@type\":\"Organization\",\"@id\":\"https:\\\/\\\/proenduro.pl\\\/de\\\/#organization\",\"name\":\"Pro Enduro\",\"url\":\"https:\\\/\\\/proenduro.pl\\\/de\\\/\",\"logo\":{\"@type\":\"ImageObject\",\"inLanguage\":\"de\",\"@id\":\"https:\\\/\\\/proenduro.pl\\\/de\\\/#\\\/schema\\\/logo\\\/image\\\/\",\"url\":\"https:\\\/\\\/proenduro.pl\\\/wp-content\\\/uploads\\\/2022\\\/01\\\/01_horizontal_transparent.png\",\"contentUrl\":\"https:\\\/\\\/proenduro.pl\\\/wp-content\\\/uploads\\\/2022\\\/01\\\/01_horizontal_transparent.png\",\"width\":1384,\"height\":452,\"caption\":\"Pro Enduro\"},\"image\":{\"@id\":\"https:\\\/\\\/proenduro.pl\\\/de\\\/#\\\/schema\\\/logo\\\/image\\\/\"}}]}<\/script>\n<!-- \/ Yoast SEO plugin. -->","yoast_head_json":{"title":"Szkolenia Motocyklowe Enduro Najlepsza Szko\u0142a Motocyklowa Proenduro","description":"Chcesz poprawi\u0107 swoje umiej\u0119tno\u015bci jazdy w terenie? Nie mog\u0142e\u015b lepiej trafi\u0107! Proenduro.pl to ku\u017ania umiej\u0119tno\u015bci dla posiadaczy ci\u0119\u017ckich motocykli.","robots":{"index":"index","follow":"follow","max-snippet":"max-snippet:-1","max-image-preview":"max-image-preview:large","max-video-preview":"max-video-preview:-1"},"canonical":"https:\/\/proenduro.pl\/de\/","og_locale":"de_DE","og_type":"article","og_title":"Szkolenia Motocyklowe Enduro Najlepsza Szko\u0142a Motocyklowa Proenduro","og_description":"Chcesz poprawi\u0107 swoje umiej\u0119tno\u015bci jazdy w terenie? Nie mog\u0142e\u015b lepiej trafi\u0107! Proenduro.pl to ku\u017ania umiej\u0119tno\u015bci dla posiadaczy ci\u0119\u017ckich motocykli.","og_url":"https:\/\/proenduro.pl\/de\/","og_site_name":"PROENDURO","twitter_card":"summary_large_image","schema":{"@context":"https:\/\/schema.org","@graph":[{"@type":"WebPage","@id":"https:\/\/proenduro.pl\/de\/","url":"https:\/\/proenduro.pl\/de\/","name":"Szkolenia Motocyklowe Enduro Najlepsza Szko\u0142a Motocyklowa Proenduro","isPartOf":{"@id":"https:\/\/proenduro.pl\/de\/#website"},"datePublished":"2020-01-26T19:21:52+00:00","description":"Chcesz poprawi\u0107 swoje umiej\u0119tno\u015bci jazdy w terenie? Nie mog\u0142e\u015b lepiej trafi\u0107! Proenduro.pl to ku\u017ania umiej\u0119tno\u015bci dla posiadaczy ci\u0119\u017ckich motocykli.","breadcrumb":{"@id":"https:\/\/proenduro.pl\/de\/#breadcrumb"},"inLanguage":"de","potentialAction":[{"@type":"ReadAction","target":["https:\/\/proenduro.pl\/de\/"]}]},{"@type":"BreadcrumbList","@id":"https:\/\/proenduro.pl\/de\/#breadcrumb","itemListElement":[{"@type":"ListItem","position":1,"name":"Strona g\u0142\u00f3wna","item":"https:\/\/proenduro.pl\/de\/"},{"@type":"ListItem","position":2,"name":"Start"}]},{"@type":"WebSite","@id":"https:\/\/proenduro.pl\/de\/#website","url":"https:\/\/proenduro.pl\/de\/","name":"PROENDURO","description":"Szkolenie enduro | Szkolenie motocyklowe | Adventure","publisher":{"@id":"https:\/\/proenduro.pl\/de\/#organization"},"potentialAction":[{"@type":"SearchAction","target":{"@type":"EntryPoint","urlTemplate":"https:\/\/proenduro.pl\/de\/?s={search_term_string}"},"query-input":{"@type":"PropertyValueSpecification","valueRequired":true,"valueName":"search_term_string"}}],"inLanguage":"de"},{"@type":"Organization","@id":"https:\/\/proenduro.pl\/de\/#organization","name":"Pro Enduro","url":"https:\/\/proenduro.pl\/de\/","logo":{"@type":"ImageObject","inLanguage":"de","@id":"https:\/\/proenduro.pl\/de\/#\/schema\/logo\/image\/","url":"https:\/\/proenduro.pl\/wp-content\/uploads\/2022\/01\/01_horizontal_transparent.png","contentUrl":"https:\/\/proenduro.pl\/wp-content\/uploads\/2022\/01\/01_horizontal_transparent.png","width":1384,"height":452,"caption":"Pro Enduro"},"image":{"@id":"https:\/\/proenduro.pl\/de\/#\/schema\/logo\/image\/"}}]}},"_links":{"self":[{"href":"https:\/\/proenduro.pl\/de\/wp-json\/wp\/v2\/pages\/4182","targetHints":{"allow":["GET"]}}],"collection":[{"href":"https:\/\/proenduro.pl\/de\/wp-json\/wp\/v2\/pages"}],"about":[{"href":"https:\/\/proenduro.pl\/de\/wp-json\/wp\/v2\/types\/page"}],"author":[{"embeddable":true,"href":"https:\/\/proenduro.pl\/de\/wp-json\/wp\/v2\/users\/1"}],"replies":[{"embeddable":true,"href":"https:\/\/proenduro.pl\/de\/wp-json\/wp\/v2\/comments?post=4182"}],"version-history":[{"count":0,"href":"https:\/\/proenduro.pl\/de\/wp-json\/wp\/v2\/pages\/4182\/revisions"}],"wp:attachment":[{"href":"https:\/\/proenduro.pl\/de\/wp-json\/wp\/v2\/media?parent=4182"}],"curies":[{"name":"wp","href":"https:\/\/api.w.org\/{rel}","templated":true}]}}