{"id":4283,"date":"2020-01-27T20:11:37","date_gmt":"2020-01-27T19:11:37","guid":{"rendered":"https:\/\/proenduro.pl\/?post_type=product&#038;p=4283"},"modified":"2020-01-28T18:45:12","modified_gmt":"2020-01-28T17:45:12","slug":"triumph-tiger-900","status":"publish","type":"product","link":"https:\/\/proenduro.pl\/de\/szkolenie\/triumph-tiger-900\/","title":{"rendered":"Triumph Tiger 900"},"content":{"rendered":"<p>Ein neuer Name f\u00fcr eine neue Generation: Die Tiger 900 Familie verk\u00f6rpert einen Quantensprung in puncto Funktionalit\u00e4t mit zwei Modellreihen f\u00fcr urbane Abenteuer sowie den Langstrecken- und extremen Gel\u00e4ndeeinsatz.<\/p>\n<p>Ihre neue, aggressive Ausstrahlung und Optik, ein leistungsst\u00e4rkerer 900 cm\u00b3 Dreizylindermotor, hochmoderne Technik und eine unglaublich hochwertige Ausstattung setzen im Bereich der Adventure-Bikes neue Ma\u00dfst\u00e4be.<\/p>\n<p>Das Motorrad ist f\u00fcr die Fahrt im Gel\u00e4nde vorbereitet. Wir haben ihn mit Gel\u00e4ndereifen ausger\u00fcstet und der Mietpreis umfasst auch den Kraftstoff.<\/p>\n<p><strong>Sollte die Maschine Dir gefallen, wirst Du sie unter super g\u00fcnstigen Bedingungen nach Hause nehmen k\u00f6nnen! Das gleiche Motorrad kann zum Fahren au\u00dferhalb der von CSS und Proenduro.pl organisierten Termine vermietet werden.\u00a0<\/strong><\/p>\n<p><strong>Die Einzelheiten erfahren Sie in einem Telefongespr\u00e4ch. \u00a0Wir bitten daher um Kontakt.<\/strong><\/p>\n","protected":false},"excerpt":{"rendered":"<p>Ein neuer Name f\u00fcr eine neue Generation: Die Tiger 900 Familie verk\u00f6rpert einen Quantensprung in puncto Funktionalit\u00e4t mit zwei Modellreihen f\u00fcr urbane Abenteuer sowie den Langstrecken- und extremen Gel\u00e4ndeeinsatz. Ihre neue, aggressive Ausstrahlung und Optik, ein leistungsst\u00e4rkerer 900 cm\u00b3 Dreizylindermotor, hochmoderne Technik und eine unglaublich hochwertige Ausstattung setzen im Bereich der Adventure-Bikes neue Ma\u00dfst\u00e4be. Das [&hellip;]<\/p>\n","protected":false},"featured_media":3863,"template":"","meta":{"_acf_changed":false},"product_brand":[],"product_cat":[117],"product_tag":[],"class_list":{"0":"post-4283","1":"product","2":"type-product","3":"status-publish","4":"has-post-thumbnail","6":"product_cat-vermietung","8":"first","9":"instock","10":"taxable","11":"shipping-taxable","12":"purchasable","13":"product-type-simple"},"acf":[],"yoast_head":"<!-- This site is optimized with the Yoast SEO plugin v27.3 - https:\/\/yoast.com\/product\/yoast-seo-wordpress\/ -->\n<title>Triumph Tiger 900 - PROENDURO<\/title>\n<meta name=\"robots\" content=\"index, follow, max-snippet:-1, max-image-preview:large, max-video-preview:-1\" \/>\n<link rel=\"canonical\" href=\"https:\/\/proenduro.pl\/de\/szkolenie\/triumph-tiger-900\/\" \/>\n<meta property=\"og:locale\" content=\"de_DE\" \/>\n<meta property=\"og:type\" content=\"article\" \/>\n<meta property=\"og:title\" content=\"Triumph Tiger 900 - PROENDURO\" \/>\n<meta property=\"og:description\" content=\"Ein neuer Name f\u00fcr eine neue Generation: Die Tiger 900 Familie verk\u00f6rpert einen Quantensprung in puncto Funktionalit\u00e4t mit zwei Modellreihen f\u00fcr urbane Abenteuer sowie den Langstrecken- und extremen Gel\u00e4ndeeinsatz. Ihre neue, aggressive Ausstrahlung und Optik, ein leistungsst\u00e4rkerer 900 cm\u00b3 Dreizylindermotor, hochmoderne Technik und eine unglaublich hochwertige Ausstattung setzen im Bereich der Adventure-Bikes neue Ma\u00dfst\u00e4be. Das [&hellip;]\" \/>\n<meta property=\"og:url\" content=\"https:\/\/proenduro.pl\/de\/szkolenie\/triumph-tiger-900\/\" \/>\n<meta property=\"og:site_name\" content=\"PROENDURO\" \/>\n<meta property=\"article:modified_time\" content=\"2020-01-28T17:45:12+00:00\" \/>\n<meta property=\"og:image\" content=\"https:\/\/proenduro.pl\/wp-content\/uploads\/2018\/01\/tiger-900-rally-pro-20MY-AZ4I8347-AB-1_2.jpg\" \/>\n\t<meta property=\"og:image:width\" content=\"696\" \/>\n\t<meta property=\"og:image:height\" content=\"464\" \/>\n\t<meta property=\"og:image:type\" content=\"image\/jpeg\" \/>\n<meta name=\"twitter:card\" content=\"summary_large_image\" \/>\n<meta name=\"twitter:label1\" content=\"Gesch\u00e4tzte Lesezeit\" \/>\n\t<meta name=\"twitter:data1\" content=\"1\u00a0Minute\" \/>\n<script type=\"application\/ld+json\" class=\"yoast-schema-graph\">{\"@context\":\"https:\\\/\\\/schema.org\",\"@graph\":[{\"@type\":\"WebPage\",\"@id\":\"https:\\\/\\\/proenduro.pl\\\/de\\\/szkolenie\\\/triumph-tiger-900\\\/\",\"url\":\"https:\\\/\\\/proenduro.pl\\\/de\\\/szkolenie\\\/triumph-tiger-900\\\/\",\"name\":\"Triumph Tiger 900 - PROENDURO\",\"isPartOf\":{\"@id\":\"https:\\\/\\\/proenduro.pl\\\/de\\\/#website\"},\"primaryImageOfPage\":{\"@id\":\"https:\\\/\\\/proenduro.pl\\\/de\\\/szkolenie\\\/triumph-tiger-900\\\/#primaryimage\"},\"image\":{\"@id\":\"https:\\\/\\\/proenduro.pl\\\/de\\\/szkolenie\\\/triumph-tiger-900\\\/#primaryimage\"},\"thumbnailUrl\":\"https:\\\/\\\/proenduro.pl\\\/wp-content\\\/uploads\\\/2018\\\/01\\\/tiger-900-rally-pro-20MY-AZ4I8347-AB-1_2.jpg\",\"datePublished\":\"2020-01-27T19:11:37+00:00\",\"dateModified\":\"2020-01-28T17:45:12+00:00\",\"breadcrumb\":{\"@id\":\"https:\\\/\\\/proenduro.pl\\\/de\\\/szkolenie\\\/triumph-tiger-900\\\/#breadcrumb\"},\"inLanguage\":\"de\",\"potentialAction\":[{\"@type\":\"ReadAction\",\"target\":[\"https:\\\/\\\/proenduro.pl\\\/de\\\/szkolenie\\\/triumph-tiger-900\\\/\"]}]},{\"@type\":\"ImageObject\",\"inLanguage\":\"de\",\"@id\":\"https:\\\/\\\/proenduro.pl\\\/de\\\/szkolenie\\\/triumph-tiger-900\\\/#primaryimage\",\"url\":\"https:\\\/\\\/proenduro.pl\\\/wp-content\\\/uploads\\\/2018\\\/01\\\/tiger-900-rally-pro-20MY-AZ4I8347-AB-1_2.jpg\",\"contentUrl\":\"https:\\\/\\\/proenduro.pl\\\/wp-content\\\/uploads\\\/2018\\\/01\\\/tiger-900-rally-pro-20MY-AZ4I8347-AB-1_2.jpg\",\"width\":696,\"height\":464},{\"@type\":\"BreadcrumbList\",\"@id\":\"https:\\\/\\\/proenduro.pl\\\/de\\\/szkolenie\\\/triumph-tiger-900\\\/#breadcrumb\",\"itemListElement\":[{\"@type\":\"ListItem\",\"position\":1,\"name\":\"Strona g\u0142\u00f3wna\",\"item\":\"https:\\\/\\\/proenduro.pl\\\/de\\\/\"},{\"@type\":\"ListItem\",\"position\":2,\"name\":\"Termine und Preisliste\",\"item\":\"https:\\\/\\\/proenduro.pl\\\/de\\\/termine-und-preisliste\\\/\"},{\"@type\":\"ListItem\",\"position\":3,\"name\":\"Triumph Tiger 900\"}]},{\"@type\":\"WebSite\",\"@id\":\"https:\\\/\\\/proenduro.pl\\\/de\\\/#website\",\"url\":\"https:\\\/\\\/proenduro.pl\\\/de\\\/\",\"name\":\"PROENDURO\",\"description\":\"Szkolenie enduro | Szkolenie motocyklowe | Adventure\",\"publisher\":{\"@id\":\"https:\\\/\\\/proenduro.pl\\\/de\\\/#organization\"},\"potentialAction\":[{\"@type\":\"SearchAction\",\"target\":{\"@type\":\"EntryPoint\",\"urlTemplate\":\"https:\\\/\\\/proenduro.pl\\\/de\\\/?s={search_term_string}\"},\"query-input\":{\"@type\":\"PropertyValueSpecification\",\"valueRequired\":true,\"valueName\":\"search_term_string\"}}],\"inLanguage\":\"de\"},{\"@type\":\"Organization\",\"@id\":\"https:\\\/\\\/proenduro.pl\\\/de\\\/#organization\",\"name\":\"Pro Enduro\",\"url\":\"https:\\\/\\\/proenduro.pl\\\/de\\\/\",\"logo\":{\"@type\":\"ImageObject\",\"inLanguage\":\"de\",\"@id\":\"https:\\\/\\\/proenduro.pl\\\/de\\\/#\\\/schema\\\/logo\\\/image\\\/\",\"url\":\"https:\\\/\\\/proenduro.pl\\\/wp-content\\\/uploads\\\/2022\\\/01\\\/01_horizontal_transparent.png\",\"contentUrl\":\"https:\\\/\\\/proenduro.pl\\\/wp-content\\\/uploads\\\/2022\\\/01\\\/01_horizontal_transparent.png\",\"width\":1384,\"height\":452,\"caption\":\"Pro Enduro\"},\"image\":{\"@id\":\"https:\\\/\\\/proenduro.pl\\\/de\\\/#\\\/schema\\\/logo\\\/image\\\/\"}}]}<\/script>\n<!-- \/ Yoast SEO plugin. -->","yoast_head_json":{"title":"Triumph Tiger 900 - PROENDURO","robots":{"index":"index","follow":"follow","max-snippet":"max-snippet:-1","max-image-preview":"max-image-preview:large","max-video-preview":"max-video-preview:-1"},"canonical":"https:\/\/proenduro.pl\/de\/szkolenie\/triumph-tiger-900\/","og_locale":"de_DE","og_type":"article","og_title":"Triumph Tiger 900 - PROENDURO","og_description":"Ein neuer Name f\u00fcr eine neue Generation: Die Tiger 900 Familie verk\u00f6rpert einen Quantensprung in puncto Funktionalit\u00e4t mit zwei Modellreihen f\u00fcr urbane Abenteuer sowie den Langstrecken- und extremen Gel\u00e4ndeeinsatz. Ihre neue, aggressive Ausstrahlung und Optik, ein leistungsst\u00e4rkerer 900 cm\u00b3 Dreizylindermotor, hochmoderne Technik und eine unglaublich hochwertige Ausstattung setzen im Bereich der Adventure-Bikes neue Ma\u00dfst\u00e4be. Das [&hellip;]","og_url":"https:\/\/proenduro.pl\/de\/szkolenie\/triumph-tiger-900\/","og_site_name":"PROENDURO","article_modified_time":"2020-01-28T17:45:12+00:00","og_image":[{"width":696,"height":464,"url":"https:\/\/proenduro.pl\/wp-content\/uploads\/2018\/01\/tiger-900-rally-pro-20MY-AZ4I8347-AB-1_2.jpg","type":"image\/jpeg"}],"twitter_card":"summary_large_image","twitter_misc":{"Gesch\u00e4tzte Lesezeit":"1\u00a0Minute"},"schema":{"@context":"https:\/\/schema.org","@graph":[{"@type":"WebPage","@id":"https:\/\/proenduro.pl\/de\/szkolenie\/triumph-tiger-900\/","url":"https:\/\/proenduro.pl\/de\/szkolenie\/triumph-tiger-900\/","name":"Triumph Tiger 900 - PROENDURO","isPartOf":{"@id":"https:\/\/proenduro.pl\/de\/#website"},"primaryImageOfPage":{"@id":"https:\/\/proenduro.pl\/de\/szkolenie\/triumph-tiger-900\/#primaryimage"},"image":{"@id":"https:\/\/proenduro.pl\/de\/szkolenie\/triumph-tiger-900\/#primaryimage"},"thumbnailUrl":"https:\/\/proenduro.pl\/wp-content\/uploads\/2018\/01\/tiger-900-rally-pro-20MY-AZ4I8347-AB-1_2.jpg","datePublished":"2020-01-27T19:11:37+00:00","dateModified":"2020-01-28T17:45:12+00:00","breadcrumb":{"@id":"https:\/\/proenduro.pl\/de\/szkolenie\/triumph-tiger-900\/#breadcrumb"},"inLanguage":"de","potentialAction":[{"@type":"ReadAction","target":["https:\/\/proenduro.pl\/de\/szkolenie\/triumph-tiger-900\/"]}]},{"@type":"ImageObject","inLanguage":"de","@id":"https:\/\/proenduro.pl\/de\/szkolenie\/triumph-tiger-900\/#primaryimage","url":"https:\/\/proenduro.pl\/wp-content\/uploads\/2018\/01\/tiger-900-rally-pro-20MY-AZ4I8347-AB-1_2.jpg","contentUrl":"https:\/\/proenduro.pl\/wp-content\/uploads\/2018\/01\/tiger-900-rally-pro-20MY-AZ4I8347-AB-1_2.jpg","width":696,"height":464},{"@type":"BreadcrumbList","@id":"https:\/\/proenduro.pl\/de\/szkolenie\/triumph-tiger-900\/#breadcrumb","itemListElement":[{"@type":"ListItem","position":1,"name":"Strona g\u0142\u00f3wna","item":"https:\/\/proenduro.pl\/de\/"},{"@type":"ListItem","position":2,"name":"Termine und Preisliste","item":"https:\/\/proenduro.pl\/de\/termine-und-preisliste\/"},{"@type":"ListItem","position":3,"name":"Triumph Tiger 900"}]},{"@type":"WebSite","@id":"https:\/\/proenduro.pl\/de\/#website","url":"https:\/\/proenduro.pl\/de\/","name":"PROENDURO","description":"Szkolenie enduro | Szkolenie motocyklowe | Adventure","publisher":{"@id":"https:\/\/proenduro.pl\/de\/#organization"},"potentialAction":[{"@type":"SearchAction","target":{"@type":"EntryPoint","urlTemplate":"https:\/\/proenduro.pl\/de\/?s={search_term_string}"},"query-input":{"@type":"PropertyValueSpecification","valueRequired":true,"valueName":"search_term_string"}}],"inLanguage":"de"},{"@type":"Organization","@id":"https:\/\/proenduro.pl\/de\/#organization","name":"Pro Enduro","url":"https:\/\/proenduro.pl\/de\/","logo":{"@type":"ImageObject","inLanguage":"de","@id":"https:\/\/proenduro.pl\/de\/#\/schema\/logo\/image\/","url":"https:\/\/proenduro.pl\/wp-content\/uploads\/2022\/01\/01_horizontal_transparent.png","contentUrl":"https:\/\/proenduro.pl\/wp-content\/uploads\/2022\/01\/01_horizontal_transparent.png","width":1384,"height":452,"caption":"Pro Enduro"},"image":{"@id":"https:\/\/proenduro.pl\/de\/#\/schema\/logo\/image\/"}}]}},"_links":{"self":[{"href":"https:\/\/proenduro.pl\/de\/wp-json\/wp\/v2\/product\/4283","targetHints":{"allow":["GET"]}}],"collection":[{"href":"https:\/\/proenduro.pl\/de\/wp-json\/wp\/v2\/product"}],"about":[{"href":"https:\/\/proenduro.pl\/de\/wp-json\/wp\/v2\/types\/product"}],"wp:featuredmedia":[{"embeddable":true,"href":"https:\/\/proenduro.pl\/de\/wp-json\/wp\/v2\/media\/3863"}],"wp:attachment":[{"href":"https:\/\/proenduro.pl\/de\/wp-json\/wp\/v2\/media?parent=4283"}],"wp:term":[{"taxonomy":"product_brand","embeddable":true,"href":"https:\/\/proenduro.pl\/de\/wp-json\/wp\/v2\/product_brand?post=4283"},{"taxonomy":"product_cat","embeddable":true,"href":"https:\/\/proenduro.pl\/de\/wp-json\/wp\/v2\/product_cat?post=4283"},{"taxonomy":"product_tag","embeddable":true,"href":"https:\/\/proenduro.pl\/de\/wp-json\/wp\/v2\/product_tag?post=4283"}],"curies":[{"name":"wp","href":"https:\/\/api.w.org\/{rel}","templated":true}]}}