{"id":1499,"date":"2018-01-16T12:32:16","date_gmt":"2018-01-16T11:32:16","guid":{"rendered":"http:\/\/proenduro.pl\/regulamin\/"},"modified":"2018-03-23T09:19:45","modified_gmt":"2018-03-23T08:19:45","slug":"terms-and-conditions","status":"publish","type":"page","link":"https:\/\/proenduro.pl\/en\/terms-and-conditions\/","title":{"rendered":"Terms and conditions"},"content":{"rendered":"<p><strong>Prosimy, zapoznaj si\u0119 z poni\u017cszymi informacjami, aby Tw\u00f3j dzie\u0144 na trasie przebieg\u0142 przyjemnie, produktywnie a nade wszystko bezpiecznie!<\/strong><\/p>\n<p>Prosimy, aby\u015b przyby\u0142a\/przyby\u0142 na miejsce <strong><u>punktualnie<\/u><\/strong><u>.<\/u> Umo\u017cliwi to nam sprawne przeprowadzenie rejestracji i om\u00f3wienie planu dnia. Szczeg\u00f3\u0142y gdzie i o kt\u00f3rej godzinie si\u0119 spotykamy znajdziesz w szczeg\u00f3\u0142owym regulaminie imprezy w\u0142a\u015bciwym dla wydarzenia w kt\u00f3rym b\u0119dziesz bra\u0142 udzia\u0142. Znajdziesz go w za\u0142\u0105czeniu do maila potwierdzaj\u0105cego Twoj\u0105 rejestracj\u0119. W przypadku w\u0105tpliwo\u015bci \u2013 prosimy o kontakt.<\/p>\n<p><strong>Prawa jazdy i licencje <\/strong><\/p>\n<p>Przygotuj swoje prawo jazdy na \u201eSzkolenie Proenduro.pl\u201d Nie b\u0119dziemy sprawdzali Twojego prawa jazdy podczas \u201eSoboty w terenie\u201d, bo nie mamy do tego uprawnie\u0144, niemniej jednak pami\u0119taj \u017ce b\u0119dziemy poruszali si\u0119 po drogach publicznych i posiadanie tego dokumentu jest niezb\u0119dne.<\/p>\n<p><strong>Inspekcja motocykla <\/strong><\/p>\n<p>Zastrzegamy sobie prawo do wizualnej kontroli Twojego motocykla. Korek wlewu oleju powinien by\u0107 porz\u0105dnie dokr\u0119cony, \u0142a\u0144cuch w\u0142a\u015bciwie naci\u0105gni\u0119ty, obie opony musz\u0105 by\u0107 w dobrym stanie (WYMAGAMY, ABY BY\u0141Y TO OPONY O TERENOWYM BIE\u017bNIKU, takie jak Michelin Anakee Wild, Michelin TKC80, Metzleler Karoo 3, Mitas E09 itd.!), w motocyklu nie mo\u017ce by\u0107 \u017cadnych poluzowanych element\u00f3w nadwozia, niedopuszczalne s\u0105 tak\u017ce wycieki p\u0142yn\u00f3w eksploatacyjnych. Je\u015bli Tw\u00f3j motocykl b\u0119dzie stanowi\u0142 zagro\u017cenie dla Twojego bezpiecze\u0144stwa lub dla bezpiecze\u0144stwa innych uczestnik\u00f3w wycieczki, nie b\u0119dziesz m\u00f3g\u0142 wzi\u0105\u0107 na nim udzia\u0142u w jazdach, nie dokonamy tak\u017ce zwrotu wp\u0142aconych przez Ciebie pieni\u0119dzy.<\/p>\n<p><strong>Ubi\u00f3r ochronny i bezpiecze\u0144stwo<\/strong><\/p>\n<ul>\n<li>Ka\u017cdy kask u\u017cywany w trakcie zaj\u0119\u0107 musi posiada\u0107 europejski certyfikat bezpiecze\u0144stwa (norma EC 22-05). <strong>Wymagamy kasku zakrywaj\u0105cego ca\u0142\u0105 twarz.<\/strong> Kask podczas jazdy musi by\u0107 w\u0142a\u015bciwie zapi\u0119ty.<\/li>\n<li>Oczekujemy, \u017ce b\u0119dziesz wyposa\u017cony w odzie\u017c ochronn\u0105, przy czym musi by\u0107 to dedykowana odzie\u017c motocyklowa, wykonana z materia\u0142\u00f3w trudno\u015bcieralnych i wyposa\u017cona w pe\u0142ny zestaw certyfikowanych ochraniaczy. Zalecamy tak\u017ce zastosowanie \u015brodk\u00f3w dodatkowej ochrony, takich jak ochraniacz kr\u0119gos\u0142upa oraz ochraniacz klatki piersiowej.<\/li>\n<li><strong>Offroadowe buty motocyklowe s\u0105 obligatoryjne<\/strong> dla wszystkich uczestnik\u00f3w imprezy (wykluczone s\u0105 buty wojskowe, trekkingowe i typu \u201eglany\u201d).<\/li>\n<li>\u017baden z uczestnik\u00f3w imprezy nie mo\u017ce by\u0107 w trakcie zaj\u0119\u0107 pod wp\u0142ywem alkoholu ani jakichkolwiek \u015brodk\u00f3w odurzaj\u0105cych. Zastrzegamy sobie prawo do przeprowadzenia stosownych test\u00f3w. W przypadku pozytywnego testu na obecno\u015b\u0107 alkoholu (lub podobnie dzia\u0142aj\u0105cego \u015brodka) w organizmie nie zostaniesz dopuszczona\/dopuszczony do udzia\u0142u w wydarzeniu.<\/li>\n<li>Je\u015bli przyjmujesz leki, upewnij si\u0119 przed jazd\u0105, \u017ce nie b\u0119d\u0105 one wp\u0142ywa\u0142y na Twoj\u0105 zdolno\u015b\u0107 panowania nad motocyklem.<\/li>\n<li>Monta\u017c kamer na motocyklu jest dozwolony po uprzedniej konsultacji z opiekunami wyjazdu. Ze wzgl\u0119d\u00f3w bezpiecze\u0144stwa zabronione jest mocowanie kamer na kasku motocyklisty.<\/li>\n<\/ul>\n<p><strong>Zabezpieczenie techniczne<\/strong><\/p>\n<ul>\n<li>Upewnij si\u0119 przed jazdami, \u017ce dysponujesz odpowiedni\u0105 ilo\u015bci\u0105 paliwa. Postaraj si\u0119 zabra\u0107 ze sob\u0105 paliwa na 250 kilometr\u00f3w. Je\u015bli bak Twojego motocykla ma ponad 30 litr\u00f3w, wo\u017cenie zb\u0119dnego paliwa, kt\u00f3re b\u0119dzie utrudnia\u0142o ci jazd\u0119 w terenie nie wydaje si\u0119 by\u0107 dobrym pomys\u0142em.<\/li>\n<li>Szczeg\u00f3\u0142y jak przygotowa\u0107 si\u0119 do imprezy znajdziesz w szczeg\u00f3\u0142owym regulaminie imprezy w\u0142a\u015bciwym dla wydarzenia w kt\u00f3rym b\u0119dziesz bra\u0142 udzia\u0142. W przypadku w\u0105tpliwo\u015bci \u2013 prosimy o kontakt.<\/li>\n<\/ul>\n<p><strong>Zabezpieczenie medyczne:<\/strong><br \/>\nSzczeg\u00f3\u0142y zabezpieczenia konkretnej imprezy znajdziesz w szczeg\u00f3\u0142owym regulaminie imprezy w\u0142a\u015bciwym dla wydarzenia w kt\u00f3rym b\u0119dziesz bra\u0142 udzia\u0142. W przypadku w\u0105tpliwo\u015bci \u2013 prosimy o kontakt.<\/p>\n<p><strong>Tempo wyjazdu<\/strong><\/p>\n<p>Wszystkich uczestnik\u00f3w dotycz\u0105 zar\u00f3wno przepisy Prawa o Ruchu Drogowym, taryfikator mandat\u00f3w, ch\u0142odna ocena swoich umiej\u0119tno\u015bci jak i zdrowy rozs\u0105dek. Szczeg\u00f3lnie odnosi si\u0119 to do jazdy po drogach publicznych.<\/p>\n<p><strong>Warunki rezygnacji z wykupionego kursu<\/strong><\/p>\n<p>Je\u015bli z jakiegokolwiek powodu nie b\u0119dziesz w stanie wzi\u0105\u0107 udzia\u0142u w wydarzeniu w wykupionym terminie polityka zwrot\u00f3w opisana jest w szczeg\u00f3\u0142owym regulaminie imprezy w\u0142a\u015bciwym dla wydarzenia w kt\u00f3rym b\u0119dziesz bra\u0142 udzia\u0142. W przypadku w\u0105tpliwo\u015bci \u2013 prosimy o kontakt.<\/p>\n<p>Prosimy mie\u0107 na uwadze, \u017ce impreza odbywa si\u0119 tak\u017ce wtedy, kiedy pada deszcz. To \u015bwietna okazja, aby poprawi\u0107 swoje umiej\u0119tno\u015bci jazdy po mokrej nawierzchni. Mokra pogoda nie jest powodem do odwo\u0142ania lub przek\u0142adania imprezy, nie s\u0105 nimi tak\u017ce zg\u0142aszane w ostatniej chwili wa\u017cne powody zawodowe oraz rodzinne.<\/p>\n<p><strong>Ograniczenie ha\u0142asu<\/strong><\/p>\n<ul>\n<li>Nie mamy narzuconego limitu g\u0142o\u015bno\u015bci. Jednak z uwagi na fakt, \u017ce poruszali b\u0119dziemy si\u0119 r\u00f3wnie\u017c w terenach gdzie kr\u00f3luje natura, nie chcemy przeszkadza\u0107 ha\u0142asem wszystkiemu co \u017cyje. Je\u015bli masz sportowy\/akcesoryjny uk\u0142ad wydechowy generuj\u0105cy du\u017co decybeli, prosimy o zastosowanie wyg\u0142uszacza.<\/li>\n<\/ul>\n<p><strong>Czekamy na Ciebie!<\/strong><\/p>\n<p>Czekamy na Ciebie z niecierpliwo\u015bci\u0105 w dniu wyjazdu. Du\u017co wi\u0119cej na temat tego co robimy mo\u017cesz dowiedzie\u0107 si\u0119 na stronie <a href=\"http:\/\/www.sbkschool.pl\">www.sbkschool.pl<\/a>, <a href=\"http:\/\/www.proenduro.pl\">www.proenduro.pl<\/a> szczeg\u00f3lnie w zak\u0142adkach FAQ. W razie pyta\u0144 i w\u0105tpliwo\u015bci jeste\u015bmy do Twojej dyspozycji pod numerem telefonu +48\u00a0509 155 792 oraz e-mailem: <a href=\"mailto:info@proenduro.pl\">info@proenduro.pl<\/a><\/p>\n","protected":false},"excerpt":{"rendered":"<p>Prosimy, zapoznaj si\u0119 z poni\u017cszymi informacjami, aby Tw\u00f3j dzie\u0144 na trasie przebieg\u0142 przyjemnie, produktywnie a nade wszystko bezpiecznie! Prosimy, aby\u015b przyby\u0142a\/przyby\u0142 na miejsce punktualnie. Umo\u017cliwi to nam sprawne przeprowadzenie rejestracji i om\u00f3wienie planu dnia. Szczeg\u00f3\u0142y gdzie i o kt\u00f3rej godzinie si\u0119 spotykamy znajdziesz w szczeg\u00f3\u0142owym regulaminie imprezy w\u0142a\u015bciwym dla wydarzenia w kt\u00f3rym b\u0119dziesz bra\u0142 udzia\u0142. [&hellip;]<\/p>\n","protected":false},"author":1,"featured_media":0,"parent":0,"menu_order":0,"comment_status":"closed","ping_status":"closed","template":"","meta":{"_acf_changed":false,"footnotes":""},"class_list":["post-1499","page","type-page","status-publish","hentry"],"acf":[],"yoast_head":"<!-- This site is optimized with the Yoast SEO plugin v27.5 - https:\/\/yoast.com\/product\/yoast-seo-wordpress\/ -->\n<title>Terms and conditions - PROENDURO<\/title>\n<meta name=\"robots\" content=\"index, follow, max-snippet:-1, max-image-preview:large, max-video-preview:-1\" \/>\n<link rel=\"canonical\" href=\"https:\/\/proenduro.pl\/en\/terms-and-conditions\/\" \/>\n<meta property=\"og:locale\" content=\"en_US\" \/>\n<meta property=\"og:type\" content=\"article\" \/>\n<meta property=\"og:title\" content=\"Terms and conditions - PROENDURO\" \/>\n<meta property=\"og:description\" content=\"Prosimy, zapoznaj si\u0119 z poni\u017cszymi informacjami, aby Tw\u00f3j dzie\u0144 na trasie przebieg\u0142 przyjemnie, produktywnie a nade wszystko bezpiecznie! Prosimy, aby\u015b przyby\u0142a\/przyby\u0142 na miejsce punktualnie. Umo\u017cliwi to nam sprawne przeprowadzenie rejestracji i om\u00f3wienie planu dnia. Szczeg\u00f3\u0142y gdzie i o kt\u00f3rej godzinie si\u0119 spotykamy znajdziesz w szczeg\u00f3\u0142owym regulaminie imprezy w\u0142a\u015bciwym dla wydarzenia w kt\u00f3rym b\u0119dziesz bra\u0142 udzia\u0142. [&hellip;]\" \/>\n<meta property=\"og:url\" content=\"https:\/\/proenduro.pl\/en\/terms-and-conditions\/\" \/>\n<meta property=\"og:site_name\" content=\"PROENDURO\" \/>\n<meta property=\"article:modified_time\" content=\"2018-03-23T08:19:45+00:00\" \/>\n<meta name=\"twitter:card\" content=\"summary_large_image\" \/>\n<meta name=\"twitter:label1\" content=\"Est. reading time\" \/>\n\t<meta name=\"twitter:data1\" content=\"4 minutes\" \/>\n<script type=\"application\/ld+json\" class=\"yoast-schema-graph\">{\"@context\":\"https:\\\/\\\/schema.org\",\"@graph\":[{\"@type\":\"WebPage\",\"@id\":\"https:\\\/\\\/proenduro.pl\\\/en\\\/terms-and-conditions\\\/\",\"url\":\"https:\\\/\\\/proenduro.pl\\\/en\\\/terms-and-conditions\\\/\",\"name\":\"Terms and conditions - PROENDURO\",\"isPartOf\":{\"@id\":\"https:\\\/\\\/proenduro.pl\\\/en\\\/#website\"},\"datePublished\":\"2018-01-16T11:32:16+00:00\",\"dateModified\":\"2018-03-23T08:19:45+00:00\",\"breadcrumb\":{\"@id\":\"https:\\\/\\\/proenduro.pl\\\/en\\\/terms-and-conditions\\\/#breadcrumb\"},\"inLanguage\":\"en-US\",\"potentialAction\":[{\"@type\":\"ReadAction\",\"target\":[\"https:\\\/\\\/proenduro.pl\\\/en\\\/terms-and-conditions\\\/\"]}]},{\"@type\":\"BreadcrumbList\",\"@id\":\"https:\\\/\\\/proenduro.pl\\\/en\\\/terms-and-conditions\\\/#breadcrumb\",\"itemListElement\":[{\"@type\":\"ListItem\",\"position\":1,\"name\":\"Strona g\u0142\u00f3wna\",\"item\":\"https:\\\/\\\/proenduro.pl\\\/en\\\/\"},{\"@type\":\"ListItem\",\"position\":2,\"name\":\"Terms and conditions\"}]},{\"@type\":\"WebSite\",\"@id\":\"https:\\\/\\\/proenduro.pl\\\/en\\\/#website\",\"url\":\"https:\\\/\\\/proenduro.pl\\\/en\\\/\",\"name\":\"PROENDURO\",\"description\":\"Szkolenie enduro | Szkolenie motocyklowe | Adventure\",\"publisher\":{\"@id\":\"https:\\\/\\\/proenduro.pl\\\/en\\\/#organization\"},\"potentialAction\":[{\"@type\":\"SearchAction\",\"target\":{\"@type\":\"EntryPoint\",\"urlTemplate\":\"https:\\\/\\\/proenduro.pl\\\/en\\\/?s={search_term_string}\"},\"query-input\":{\"@type\":\"PropertyValueSpecification\",\"valueRequired\":true,\"valueName\":\"search_term_string\"}}],\"inLanguage\":\"en-US\"},{\"@type\":\"Organization\",\"@id\":\"https:\\\/\\\/proenduro.pl\\\/en\\\/#organization\",\"name\":\"Pro Enduro\",\"url\":\"https:\\\/\\\/proenduro.pl\\\/en\\\/\",\"logo\":{\"@type\":\"ImageObject\",\"inLanguage\":\"en-US\",\"@id\":\"https:\\\/\\\/proenduro.pl\\\/en\\\/#\\\/schema\\\/logo\\\/image\\\/\",\"url\":\"https:\\\/\\\/proenduro.pl\\\/wp-content\\\/uploads\\\/2022\\\/01\\\/01_horizontal_transparent.png\",\"contentUrl\":\"https:\\\/\\\/proenduro.pl\\\/wp-content\\\/uploads\\\/2022\\\/01\\\/01_horizontal_transparent.png\",\"width\":1384,\"height\":452,\"caption\":\"Pro Enduro\"},\"image\":{\"@id\":\"https:\\\/\\\/proenduro.pl\\\/en\\\/#\\\/schema\\\/logo\\\/image\\\/\"}}]}<\/script>\n<!-- \/ Yoast SEO plugin. -->","yoast_head_json":{"title":"Terms and conditions - PROENDURO","robots":{"index":"index","follow":"follow","max-snippet":"max-snippet:-1","max-image-preview":"max-image-preview:large","max-video-preview":"max-video-preview:-1"},"canonical":"https:\/\/proenduro.pl\/en\/terms-and-conditions\/","og_locale":"en_US","og_type":"article","og_title":"Terms and conditions - PROENDURO","og_description":"Prosimy, zapoznaj si\u0119 z poni\u017cszymi informacjami, aby Tw\u00f3j dzie\u0144 na trasie przebieg\u0142 przyjemnie, produktywnie a nade wszystko bezpiecznie! Prosimy, aby\u015b przyby\u0142a\/przyby\u0142 na miejsce punktualnie. Umo\u017cliwi to nam sprawne przeprowadzenie rejestracji i om\u00f3wienie planu dnia. Szczeg\u00f3\u0142y gdzie i o kt\u00f3rej godzinie si\u0119 spotykamy znajdziesz w szczeg\u00f3\u0142owym regulaminie imprezy w\u0142a\u015bciwym dla wydarzenia w kt\u00f3rym b\u0119dziesz bra\u0142 udzia\u0142. [&hellip;]","og_url":"https:\/\/proenduro.pl\/en\/terms-and-conditions\/","og_site_name":"PROENDURO","article_modified_time":"2018-03-23T08:19:45+00:00","twitter_card":"summary_large_image","twitter_misc":{"Est. reading time":"4 minutes"},"schema":{"@context":"https:\/\/schema.org","@graph":[{"@type":"WebPage","@id":"https:\/\/proenduro.pl\/en\/terms-and-conditions\/","url":"https:\/\/proenduro.pl\/en\/terms-and-conditions\/","name":"Terms and conditions - PROENDURO","isPartOf":{"@id":"https:\/\/proenduro.pl\/en\/#website"},"datePublished":"2018-01-16T11:32:16+00:00","dateModified":"2018-03-23T08:19:45+00:00","breadcrumb":{"@id":"https:\/\/proenduro.pl\/en\/terms-and-conditions\/#breadcrumb"},"inLanguage":"en-US","potentialAction":[{"@type":"ReadAction","target":["https:\/\/proenduro.pl\/en\/terms-and-conditions\/"]}]},{"@type":"BreadcrumbList","@id":"https:\/\/proenduro.pl\/en\/terms-and-conditions\/#breadcrumb","itemListElement":[{"@type":"ListItem","position":1,"name":"Strona g\u0142\u00f3wna","item":"https:\/\/proenduro.pl\/en\/"},{"@type":"ListItem","position":2,"name":"Terms and conditions"}]},{"@type":"WebSite","@id":"https:\/\/proenduro.pl\/en\/#website","url":"https:\/\/proenduro.pl\/en\/","name":"PROENDURO","description":"Szkolenie enduro | Szkolenie motocyklowe | Adventure","publisher":{"@id":"https:\/\/proenduro.pl\/en\/#organization"},"potentialAction":[{"@type":"SearchAction","target":{"@type":"EntryPoint","urlTemplate":"https:\/\/proenduro.pl\/en\/?s={search_term_string}"},"query-input":{"@type":"PropertyValueSpecification","valueRequired":true,"valueName":"search_term_string"}}],"inLanguage":"en-US"},{"@type":"Organization","@id":"https:\/\/proenduro.pl\/en\/#organization","name":"Pro Enduro","url":"https:\/\/proenduro.pl\/en\/","logo":{"@type":"ImageObject","inLanguage":"en-US","@id":"https:\/\/proenduro.pl\/en\/#\/schema\/logo\/image\/","url":"https:\/\/proenduro.pl\/wp-content\/uploads\/2022\/01\/01_horizontal_transparent.png","contentUrl":"https:\/\/proenduro.pl\/wp-content\/uploads\/2022\/01\/01_horizontal_transparent.png","width":1384,"height":452,"caption":"Pro Enduro"},"image":{"@id":"https:\/\/proenduro.pl\/en\/#\/schema\/logo\/image\/"}}]}},"_links":{"self":[{"href":"https:\/\/proenduro.pl\/en\/wp-json\/wp\/v2\/pages\/1499","targetHints":{"allow":["GET"]}}],"collection":[{"href":"https:\/\/proenduro.pl\/en\/wp-json\/wp\/v2\/pages"}],"about":[{"href":"https:\/\/proenduro.pl\/en\/wp-json\/wp\/v2\/types\/page"}],"author":[{"embeddable":true,"href":"https:\/\/proenduro.pl\/en\/wp-json\/wp\/v2\/users\/1"}],"replies":[{"embeddable":true,"href":"https:\/\/proenduro.pl\/en\/wp-json\/wp\/v2\/comments?post=1499"}],"version-history":[{"count":0,"href":"https:\/\/proenduro.pl\/en\/wp-json\/wp\/v2\/pages\/1499\/revisions"}],"wp:attachment":[{"href":"https:\/\/proenduro.pl\/en\/wp-json\/wp\/v2\/media?parent=1499"}],"curies":[{"name":"wp","href":"https:\/\/api.w.org\/{rel}","templated":true}]}}