{"id":61,"date":"2017-12-11T10:16:22","date_gmt":"2017-12-11T09:16:22","guid":{"rendered":"http:\/\/192.168.5.115\/start\/"},"modified":"2022-01-14T12:59:41","modified_gmt":"2022-01-14T11:59:41","slug":"szkolenie-motocyklowe-enduro","status":"publish","type":"page","link":"https:\/\/proenduro.pl\/en\/","title":{"rendered":"Start"},"content":{"rendered":"<div class=\"shopContainer\">\n<div class=\"container\">\n<section class=\"paddingBottom\">Wiesz ju\u017c, \u017ce szkolenia motocyklowe enduro to co\u015b dla Ciebie! Jazda po asfalcie staje si\u0119 dla Ciebie zbyt monotonna? Kusi Ci\u0119 perspektywa jazdy w miejscach, gdzie zamiast fotoradaru za zakr\u0119tem czeka na Ciebie przygoda? Je\u015bli tak, to nie mog\u0142e\u015b lepiej trafi\u0107! Proenduro.pl to ku\u017ania umiej\u0119tno\u015bci dla posiadaczy ci\u0119\u017ckich motocykli prowadzona przez profesjonalnych trener\u00f3w motocyklowych i jednocze\u015bnie fan\u00f3w jazdy w terenie. Motocyklowe szkolenia enduro to co\u015b, w czym jeste\u015bmy na prawd\u0119 dobrzy. Opracowali\u015bmy program szkoleniowy, szkolenie motocyklowe enduro, kt\u00f3ry wzorowany jest na najlepszych systemach nauki jazdy motocyklem, np. <a href=\"https:\/\/superbikeschool.pl\/jak-uczymy\/\">California Superbike School<\/a> i dzia\u0142a niezale\u017cnie od poziomu Twoich umiej\u0119tno\u015bci z jakim do nas przyjedziesz. Z systemu tego korzystamy w tradycyjny spos\u00f3b \u2013 krok po kroku. Tak w\u0142a\u015bnie przejmiesz kontrol\u0119 nad motocyklem i terenem!<\/p>\n<p class=\"yellow text-center\"><strong>\/\/\/\/<\/strong><\/p>\n<p>Nie obiecujemy, \u017ce si\u0119 nie przewr\u00f3cisz. Obiecujemy natomiast, \u017ce zastosujemy na Tobie metody szkolenia, kt\u00f3re minimalizuj\u0105 ryzyko uszkodzenia Ciebie i Twojego motocykla.<\/p>\n<p>Nie interesuje nas jaki jest w danym momencie poziom Twoich umiej\u0119tno\u015bci. Interesuje nas wy\u0142\u0105cznie praca z Tob\u0105, na Twoim poziomie i koncentracja na poprawie Twoich umiej\u0119tno\u015bci.<\/p>\n<p>Nie oceniamy naszych uczni\u00f3w. Po zaj\u0119ciach to Ty ocenisz nas!<\/p>\n<p class=\"yellow text-center\"><strong>\/\/\/\/<\/strong><\/p>\n<p class=\"marginBottom\">Proenduro.pl to jednak nie tylko szkolenia motocyklowe enduro. To tak\u017ce spo\u0142eczno\u015b\u0107 ludzi dziel\u0105cych t\u0105 sam\u0105 pasj\u0119. <a href=\"https:\/\/proenduro.pl\/aktualnosci\/ride-out-na-pomorzu-zachodnim\/\">Regularnie spotykamy si\u0119 i je\u017adzimy<\/a> \u2013 na asfalcie i w terenie.<\/p>\n<ul class=\"cssList\">\n<li>Chcesz poprawi\u0107 swoje umiej\u0119tno\u015bci jazdy w terenie? Nie mog\u0142e\u015b lepiej trafi\u0107! Proenduro.pl to ku\u017ania umiej\u0119tno\u015bci dla posiadaczy ci\u0119\u017ckich motocykli prowadzona przez profesjonalnych trener\u00f3w motocyklowych i jednocze\u015bnie wielkich fan\u00f3w jazdy w terenie.<\/li>\n<li>Poszczeg\u00f3lne bloki tematyczne naszego szkolenia to <a href=\"https:\/\/proenduro.pl\/en\/how-we-teach\/\">klarowny i efektywny system \u0107wicze\u0144<\/a> opracowany dla podniesienia umiej\u0119tno\u015bci jazdy, kt\u00f3ry dzia\u0142a niezale\u017cnie od poziomu Twoich umiej\u0119tno\u015bci z jakim do nas przyjedziesz. Z systemu tego korzystamy w tradycyjny spos\u00f3b \u2013 krok po kroku. Tak w\u0142a\u015bnie przejmiesz kontrol\u0119 nad motocyklem i terenem!<\/li>\n<\/ul>\n<\/section>\n<\/div>\n<\/div>\n<section class=\"whyCssBg paddingTop paddingBottom marginBottom\">\n<div class=\"container\">\n<h2 class=\"yellow\"><strong>Szkolenia motocyklowe enduro &#8211; format<br \/>\n<\/strong><\/h2>\n<p>Nasze szkolenie motocyklowe enduro prowadzone s\u0105 w dwudniowych blokach, w formule weekendowej. Mo\u017cesz przyjecha\u0107 na jeden dzie\u0144, mo\u017cesz uczestniczy\u0107 w szkoleniu jednego dnia. Na indywidualne zapytania mo\u017cliwe jest przeprowadzenie szkolenia w czasie dni pracuj\u0105cych tygodnia. szkolenia motocyklowe enduro prowadzone s\u0105 stacjonarnie pod Warszaw\u0105, pod Poznaniem, na Dolnym \u015al\u0105sku, Pomorzu, ale mog\u0105 by\u0107 te\u017c realizowane w lokalizacjach wyjazdowych, w tym poza granicami Polski.<\/p>\n<h2 class=\"yellow\"><strong>Dla kogo szkolenia motocyklowe enduro<br \/>\n<\/strong><\/h2>\n<p>Posiadacze motocykli typu Adventure, rozpoczynaj\u0105cy przygod\u0119 z jazd\u0105 w terenie, lub chc\u0105cy podnie\u015b\u0107 swoje umiej\u0119tno\u015bci. To tak\u017ce motocykli\u015bci, kt\u00f3rzy chc\u0105 przygotowa\u0107 si\u0119 do imprez typu GS Trophy, lub do coraz popularniejszych w Polsce rajd\u00f3w amatorskich.<\/p>\n<h2 class=\"yellow\"><strong>Typy motocykli<\/strong><\/h2>\n<p>Na nasze szkolenie motocyklowe enduro przede wszystkim du\u017ce motocykle turystyczno-terenowe, takie jak BMW seria GS, KTM Super\/Adventure, Yamaha Super Tenere, Honda Africa Twin, Triumph Tiger\/Explorer, ale r\u00f3wnie\u017c mniejsze single typu KTM 690 Enduro lub Yamaha Tenere 660. Wym\u00f3g posiadania odpowiednio du\u017cego motocykla wynika nie z naszego braku ch\u0119ci do obs\u0142ugi klient\u00f3w na mniejszych pojazdach. Nasze wymogi co do posiadanego pojazdu wynikaj\u0105 z charakteru szkolenia, przygotowanych \u0107wicze\u0144, terenu i mo\u017cliwo\u015bci prowadzenia szkolenia w jednej grupie i w ramach jednego programu dnia.<\/p>\n<h2 class=\"yellow\"><strong>Wielko\u015b\u0107 grup<\/strong><\/h2>\n<p>Grupy maj\u0105 maksymalnie 6 os\u00f3b na jednego trenera. W trakcie szkolenia motocyklowe enduro mog\u0105 by\u0107 prowadzone zaj\u0119cia dla r\u00f3\u017cnych grup r\u00f3wnolegle. W sumie przy 3 trenerach mo\u017cemy realizowa\u0107 3 r\u00f3\u017cne bloki tematyczne prowadzone w tym samym czasie w ci\u0105gu dnia + zaj\u0119cia indywidualne realizowane przez oddelegowanych trener\u00f3w.<\/p>\n<p>&nbsp;<\/p>\n<\/div>\n<\/section>\n","protected":false},"excerpt":{"rendered":"<p>Wiesz ju\u017c, \u017ce szkolenia motocyklowe enduro to co\u015b dla Ciebie! Jazda po asfalcie staje si\u0119 dla Ciebie zbyt monotonna? Kusi Ci\u0119 perspektywa jazdy w miejscach, gdzie zamiast fotoradaru za zakr\u0119tem czeka na Ciebie przygoda? Je\u015bli tak, to nie mog\u0142e\u015b lepiej trafi\u0107! Proenduro.pl to ku\u017ania umiej\u0119tno\u015bci dla posiadaczy ci\u0119\u017ckich motocykli prowadzona przez profesjonalnych trener\u00f3w motocyklowych i [&hellip;]<\/p>\n","protected":false},"author":1,"featured_media":0,"parent":0,"menu_order":0,"comment_status":"closed","ping_status":"closed","template":"","meta":{"_acf_changed":false,"footnotes":""},"class_list":["post-61","page","type-page","status-publish","hentry"],"acf":[],"yoast_head":"<!-- This site is optimized with the Yoast SEO plugin v27.3 - https:\/\/yoast.com\/product\/yoast-seo-wordpress\/ -->\n<title>Szkolenia motocyklowe enduro | Szko\u0142a motocyklowa Proenduro<\/title>\n<meta name=\"description\" content=\"Profesjonalne szkolenie motocyklowe, kursy motocyklowe, szkolenia enduro, doskonalenie techniki jazdy motocyklem, wyprawy motocyklowe!\" \/>\n<meta name=\"robots\" content=\"index, follow, max-snippet:-1, max-image-preview:large, max-video-preview:-1\" \/>\n<link rel=\"canonical\" href=\"https:\/\/proenduro.pl\/en\/\" \/>\n<meta property=\"og:locale\" content=\"en_US\" \/>\n<meta property=\"og:type\" content=\"article\" \/>\n<meta property=\"og:title\" content=\"Szkolenia motocyklowe enduro | Szko\u0142a motocyklowa Proenduro\" \/>\n<meta property=\"og:description\" content=\"Profesjonalne szkolenie motocyklowe, kursy motocyklowe, szkolenia enduro, doskonalenie techniki jazdy motocyklem, wyprawy motocyklowe!\" \/>\n<meta property=\"og:url\" content=\"https:\/\/proenduro.pl\/en\/\" \/>\n<meta property=\"og:site_name\" content=\"PROENDURO\" \/>\n<meta property=\"article:modified_time\" content=\"2022-01-14T11:59:41+00:00\" \/>\n<meta name=\"twitter:card\" content=\"summary_large_image\" \/>\n<meta name=\"twitter:label1\" content=\"Est. reading time\" \/>\n\t<meta name=\"twitter:data1\" content=\"3 minutes\" \/>\n<script type=\"application\/ld+json\" class=\"yoast-schema-graph\">{\"@context\":\"https:\\\/\\\/schema.org\",\"@graph\":[{\"@type\":\"WebPage\",\"@id\":\"https:\\\/\\\/proenduro.pl\\\/en\\\/\",\"url\":\"https:\\\/\\\/proenduro.pl\\\/en\\\/\",\"name\":\"Szkolenia motocyklowe enduro | Szko\u0142a motocyklowa Proenduro\",\"isPartOf\":{\"@id\":\"https:\\\/\\\/proenduro.pl\\\/en\\\/#website\"},\"datePublished\":\"2017-12-11T09:16:22+00:00\",\"dateModified\":\"2022-01-14T11:59:41+00:00\",\"description\":\"Profesjonalne szkolenie motocyklowe, kursy motocyklowe, szkolenia enduro, doskonalenie techniki jazdy motocyklem, wyprawy motocyklowe!\",\"breadcrumb\":{\"@id\":\"https:\\\/\\\/proenduro.pl\\\/en\\\/#breadcrumb\"},\"inLanguage\":\"en-US\",\"potentialAction\":[{\"@type\":\"ReadAction\",\"target\":[\"https:\\\/\\\/proenduro.pl\\\/en\\\/\"]}]},{\"@type\":\"BreadcrumbList\",\"@id\":\"https:\\\/\\\/proenduro.pl\\\/en\\\/#breadcrumb\",\"itemListElement\":[{\"@type\":\"ListItem\",\"position\":1,\"name\":\"Strona g\u0142\u00f3wna\",\"item\":\"https:\\\/\\\/proenduro.pl\\\/en\\\/\"},{\"@type\":\"ListItem\",\"position\":2,\"name\":\"Start\"}]},{\"@type\":\"WebSite\",\"@id\":\"https:\\\/\\\/proenduro.pl\\\/en\\\/#website\",\"url\":\"https:\\\/\\\/proenduro.pl\\\/en\\\/\",\"name\":\"PROENDURO\",\"description\":\"Szkolenie enduro | Szkolenie motocyklowe | Adventure\",\"publisher\":{\"@id\":\"https:\\\/\\\/proenduro.pl\\\/en\\\/#organization\"},\"potentialAction\":[{\"@type\":\"SearchAction\",\"target\":{\"@type\":\"EntryPoint\",\"urlTemplate\":\"https:\\\/\\\/proenduro.pl\\\/en\\\/?s={search_term_string}\"},\"query-input\":{\"@type\":\"PropertyValueSpecification\",\"valueRequired\":true,\"valueName\":\"search_term_string\"}}],\"inLanguage\":\"en-US\"},{\"@type\":\"Organization\",\"@id\":\"https:\\\/\\\/proenduro.pl\\\/en\\\/#organization\",\"name\":\"Pro Enduro\",\"url\":\"https:\\\/\\\/proenduro.pl\\\/en\\\/\",\"logo\":{\"@type\":\"ImageObject\",\"inLanguage\":\"en-US\",\"@id\":\"https:\\\/\\\/proenduro.pl\\\/en\\\/#\\\/schema\\\/logo\\\/image\\\/\",\"url\":\"https:\\\/\\\/proenduro.pl\\\/wp-content\\\/uploads\\\/2022\\\/01\\\/01_horizontal_transparent.png\",\"contentUrl\":\"https:\\\/\\\/proenduro.pl\\\/wp-content\\\/uploads\\\/2022\\\/01\\\/01_horizontal_transparent.png\",\"width\":1384,\"height\":452,\"caption\":\"Pro Enduro\"},\"image\":{\"@id\":\"https:\\\/\\\/proenduro.pl\\\/en\\\/#\\\/schema\\\/logo\\\/image\\\/\"}}]}<\/script>\n<!-- \/ Yoast SEO plugin. -->","yoast_head_json":{"title":"Szkolenia motocyklowe enduro | Szko\u0142a motocyklowa Proenduro","description":"Profesjonalne szkolenie motocyklowe, kursy motocyklowe, szkolenia enduro, doskonalenie techniki jazdy motocyklem, wyprawy motocyklowe!","robots":{"index":"index","follow":"follow","max-snippet":"max-snippet:-1","max-image-preview":"max-image-preview:large","max-video-preview":"max-video-preview:-1"},"canonical":"https:\/\/proenduro.pl\/en\/","og_locale":"en_US","og_type":"article","og_title":"Szkolenia motocyklowe enduro | Szko\u0142a motocyklowa Proenduro","og_description":"Profesjonalne szkolenie motocyklowe, kursy motocyklowe, szkolenia enduro, doskonalenie techniki jazdy motocyklem, wyprawy motocyklowe!","og_url":"https:\/\/proenduro.pl\/en\/","og_site_name":"PROENDURO","article_modified_time":"2022-01-14T11:59:41+00:00","twitter_card":"summary_large_image","twitter_misc":{"Est. reading time":"3 minutes"},"schema":{"@context":"https:\/\/schema.org","@graph":[{"@type":"WebPage","@id":"https:\/\/proenduro.pl\/en\/","url":"https:\/\/proenduro.pl\/en\/","name":"Szkolenia motocyklowe enduro | Szko\u0142a motocyklowa Proenduro","isPartOf":{"@id":"https:\/\/proenduro.pl\/en\/#website"},"datePublished":"2017-12-11T09:16:22+00:00","dateModified":"2022-01-14T11:59:41+00:00","description":"Profesjonalne szkolenie motocyklowe, kursy motocyklowe, szkolenia enduro, doskonalenie techniki jazdy motocyklem, wyprawy motocyklowe!","breadcrumb":{"@id":"https:\/\/proenduro.pl\/en\/#breadcrumb"},"inLanguage":"en-US","potentialAction":[{"@type":"ReadAction","target":["https:\/\/proenduro.pl\/en\/"]}]},{"@type":"BreadcrumbList","@id":"https:\/\/proenduro.pl\/en\/#breadcrumb","itemListElement":[{"@type":"ListItem","position":1,"name":"Strona g\u0142\u00f3wna","item":"https:\/\/proenduro.pl\/en\/"},{"@type":"ListItem","position":2,"name":"Start"}]},{"@type":"WebSite","@id":"https:\/\/proenduro.pl\/en\/#website","url":"https:\/\/proenduro.pl\/en\/","name":"PROENDURO","description":"Szkolenie enduro | Szkolenie motocyklowe | Adventure","publisher":{"@id":"https:\/\/proenduro.pl\/en\/#organization"},"potentialAction":[{"@type":"SearchAction","target":{"@type":"EntryPoint","urlTemplate":"https:\/\/proenduro.pl\/en\/?s={search_term_string}"},"query-input":{"@type":"PropertyValueSpecification","valueRequired":true,"valueName":"search_term_string"}}],"inLanguage":"en-US"},{"@type":"Organization","@id":"https:\/\/proenduro.pl\/en\/#organization","name":"Pro Enduro","url":"https:\/\/proenduro.pl\/en\/","logo":{"@type":"ImageObject","inLanguage":"en-US","@id":"https:\/\/proenduro.pl\/en\/#\/schema\/logo\/image\/","url":"https:\/\/proenduro.pl\/wp-content\/uploads\/2022\/01\/01_horizontal_transparent.png","contentUrl":"https:\/\/proenduro.pl\/wp-content\/uploads\/2022\/01\/01_horizontal_transparent.png","width":1384,"height":452,"caption":"Pro Enduro"},"image":{"@id":"https:\/\/proenduro.pl\/en\/#\/schema\/logo\/image\/"}}]}},"_links":{"self":[{"href":"https:\/\/proenduro.pl\/en\/wp-json\/wp\/v2\/pages\/61","targetHints":{"allow":["GET"]}}],"collection":[{"href":"https:\/\/proenduro.pl\/en\/wp-json\/wp\/v2\/pages"}],"about":[{"href":"https:\/\/proenduro.pl\/en\/wp-json\/wp\/v2\/types\/page"}],"author":[{"embeddable":true,"href":"https:\/\/proenduro.pl\/en\/wp-json\/wp\/v2\/users\/1"}],"replies":[{"embeddable":true,"href":"https:\/\/proenduro.pl\/en\/wp-json\/wp\/v2\/comments?post=61"}],"version-history":[{"count":0,"href":"https:\/\/proenduro.pl\/en\/wp-json\/wp\/v2\/pages\/61\/revisions"}],"wp:attachment":[{"href":"https:\/\/proenduro.pl\/en\/wp-json\/wp\/v2\/media?parent=61"}],"curies":[{"name":"wp","href":"https:\/\/api.w.org\/{rel}","templated":true}]}}